{"id":2629,"date":"2026-03-03T22:21:42","date_gmt":"2026-03-03T22:21:42","guid":{"rendered":"https:\/\/padelverdict.com\/?page_id=2629"},"modified":"2026-04-26T11:59:33","modified_gmt":"2026-04-26T11:59:33","slug":"nuestra-historia","status":"publish","type":"page","link":"https:\/\/padelverdict.com\/es\/nuestra-historia\/","title":{"rendered":"Nuestra historia"},"content":{"rendered":"","protected":false},"excerpt":{"rendered":"","protected":false},"author":1,"featured_media":0,"parent":0,"menu_order":0,"comment_status":"closed","ping_status":"closed","template":"page-es-nuestra-historia.php","meta":{"_acf_changed":false,"footnotes":""},"class_list":["post-2629","page","type-page","status-publish"],"acf":[],"yoast_head":"<!-- This site is optimized with the Yoast SEO plugin v27.4 - https:\/\/yoast.com\/product\/yoast-seo-wordpress\/ -->\n<title>Nuestra Historia \u2014 PadelVerdict<\/title>\n<meta name=\"description\" content=\"PadelVerdict naci\u00f3 de la frustraci\u00f3n de un jugador cansado de comprar la raqueta equivocada. Datos agregados, sin acuerdos de marca, metodolog\u00eda abierta.\" \/>\n<meta name=\"robots\" content=\"index, follow, max-snippet:-1, max-image-preview:large, max-video-preview:-1\" \/>\n<link rel=\"canonical\" href=\"https:\/\/padelverdict.com\/es\/nuestra-historia\/\" \/>\n<meta property=\"og:locale\" content=\"es_ES\" \/>\n<meta property=\"og:type\" content=\"article\" \/>\n<meta property=\"og:title\" content=\"Nuestra Historia \u2014 PadelVerdict\" \/>\n<meta property=\"og:description\" content=\"PadelVerdict naci\u00f3 de la frustraci\u00f3n de un jugador cansado de comprar la raqueta equivocada. Datos agregados, sin acuerdos de marca, metodolog\u00eda abierta.\" \/>\n<meta property=\"og:url\" content=\"https:\/\/padelverdict.com\/es\/nuestra-historia\/\" \/>\n<meta property=\"og:site_name\" content=\"padelverdict.com\" \/>\n<meta property=\"article:modified_time\" content=\"2026-04-26T11:59:33+00:00\" \/>\n<meta name=\"twitter:card\" content=\"summary_large_image\" \/>\n<script type=\"application\/ld+json\" class=\"yoast-schema-graph\">{\"@context\":\"https:\\\/\\\/schema.org\",\"@graph\":[{\"@type\":\"WebPage\",\"@id\":\"https:\\\/\\\/padelverdict.com\\\/es\\\/nuestra-historia\\\/\",\"url\":\"https:\\\/\\\/padelverdict.com\\\/es\\\/nuestra-historia\\\/\",\"name\":\"Nuestra Historia \u2014 PadelVerdict\",\"isPartOf\":{\"@id\":\"https:\\\/\\\/padelverdict.com\\\/es\\\/#website\"},\"datePublished\":\"2026-03-03T22:21:42+00:00\",\"dateModified\":\"2026-04-26T11:59:33+00:00\",\"description\":\"PadelVerdict naci\u00f3 de la frustraci\u00f3n de un jugador cansado de comprar la raqueta equivocada. Datos agregados, sin acuerdos de marca, metodolog\u00eda abierta.\",\"breadcrumb\":{\"@id\":\"https:\\\/\\\/padelverdict.com\\\/es\\\/nuestra-historia\\\/#breadcrumb\"},\"inLanguage\":\"es\",\"potentialAction\":[{\"@type\":\"ReadAction\",\"target\":[\"https:\\\/\\\/padelverdict.com\\\/es\\\/nuestra-historia\\\/\"]}]},{\"@type\":\"BreadcrumbList\",\"@id\":\"https:\\\/\\\/padelverdict.com\\\/es\\\/nuestra-historia\\\/#breadcrumb\",\"itemListElement\":[{\"@type\":\"ListItem\",\"position\":1,\"name\":\"Home\",\"item\":\"https:\\\/\\\/padelverdict.com\\\/es\\\/\"},{\"@type\":\"ListItem\",\"position\":2,\"name\":\"Nuestra historia\"}]},{\"@type\":\"WebSite\",\"@id\":\"https:\\\/\\\/padelverdict.com\\\/es\\\/#website\",\"url\":\"https:\\\/\\\/padelverdict.com\\\/es\\\/\",\"name\":\"padelverdict.com\",\"description\":\"\",\"publisher\":{\"@id\":\"https:\\\/\\\/padelverdict.com\\\/es\\\/#organization\"},\"potentialAction\":[{\"@type\":\"SearchAction\",\"target\":{\"@type\":\"EntryPoint\",\"urlTemplate\":\"https:\\\/\\\/padelverdict.com\\\/es\\\/?s={search_term_string}\"},\"query-input\":{\"@type\":\"PropertyValueSpecification\",\"valueRequired\":true,\"valueName\":\"search_term_string\"}}],\"inLanguage\":\"es\"},{\"@type\":\"Organization\",\"@id\":\"https:\\\/\\\/padelverdict.com\\\/es\\\/#organization\",\"name\":\"padelverdict.com\",\"url\":\"https:\\\/\\\/padelverdict.com\\\/es\\\/\",\"logo\":{\"@type\":\"ImageObject\",\"inLanguage\":\"es\",\"@id\":\"https:\\\/\\\/padelverdict.com\\\/es\\\/#\\\/schema\\\/logo\\\/image\\\/\",\"url\":\"https:\\\/\\\/padelverdict.com\\\/wp-content\\\/uploads\\\/2026\\\/02\\\/cropped-cropped-cropped-cropped-PadelVerdict-4-1-1-e1772975229371.png\",\"contentUrl\":\"https:\\\/\\\/padelverdict.com\\\/wp-content\\\/uploads\\\/2026\\\/02\\\/cropped-cropped-cropped-cropped-PadelVerdict-4-1-1-e1772975229371.png\",\"width\":350,\"height\":120,\"caption\":\"padelverdict.com\"},\"image\":{\"@id\":\"https:\\\/\\\/padelverdict.com\\\/es\\\/#\\\/schema\\\/logo\\\/image\\\/\"}}]}<\/script>\n<!-- \/ Yoast SEO plugin. -->","yoast_head_json":{"title":"Nuestra Historia \u2014 PadelVerdict","description":"PadelVerdict naci\u00f3 de la frustraci\u00f3n de un jugador cansado de comprar la raqueta equivocada. Datos agregados, sin acuerdos de marca, metodolog\u00eda abierta.","robots":{"index":"index","follow":"follow","max-snippet":"max-snippet:-1","max-image-preview":"max-image-preview:large","max-video-preview":"max-video-preview:-1"},"canonical":"https:\/\/padelverdict.com\/es\/nuestra-historia\/","og_locale":"es_ES","og_type":"article","og_title":"Nuestra Historia \u2014 PadelVerdict","og_description":"PadelVerdict naci\u00f3 de la frustraci\u00f3n de un jugador cansado de comprar la raqueta equivocada. Datos agregados, sin acuerdos de marca, metodolog\u00eda abierta.","og_url":"https:\/\/padelverdict.com\/es\/nuestra-historia\/","og_site_name":"padelverdict.com","article_modified_time":"2026-04-26T11:59:33+00:00","twitter_card":"summary_large_image","schema":{"@context":"https:\/\/schema.org","@graph":[{"@type":"WebPage","@id":"https:\/\/padelverdict.com\/es\/nuestra-historia\/","url":"https:\/\/padelverdict.com\/es\/nuestra-historia\/","name":"Nuestra Historia \u2014 PadelVerdict","isPartOf":{"@id":"https:\/\/padelverdict.com\/es\/#website"},"datePublished":"2026-03-03T22:21:42+00:00","dateModified":"2026-04-26T11:59:33+00:00","description":"PadelVerdict naci\u00f3 de la frustraci\u00f3n de un jugador cansado de comprar la raqueta equivocada. Datos agregados, sin acuerdos de marca, metodolog\u00eda abierta.","breadcrumb":{"@id":"https:\/\/padelverdict.com\/es\/nuestra-historia\/#breadcrumb"},"inLanguage":"es","potentialAction":[{"@type":"ReadAction","target":["https:\/\/padelverdict.com\/es\/nuestra-historia\/"]}]},{"@type":"BreadcrumbList","@id":"https:\/\/padelverdict.com\/es\/nuestra-historia\/#breadcrumb","itemListElement":[{"@type":"ListItem","position":1,"name":"Home","item":"https:\/\/padelverdict.com\/es\/"},{"@type":"ListItem","position":2,"name":"Nuestra historia"}]},{"@type":"WebSite","@id":"https:\/\/padelverdict.com\/es\/#website","url":"https:\/\/padelverdict.com\/es\/","name":"padelverdict.com","description":"","publisher":{"@id":"https:\/\/padelverdict.com\/es\/#organization"},"potentialAction":[{"@type":"SearchAction","target":{"@type":"EntryPoint","urlTemplate":"https:\/\/padelverdict.com\/es\/?s={search_term_string}"},"query-input":{"@type":"PropertyValueSpecification","valueRequired":true,"valueName":"search_term_string"}}],"inLanguage":"es"},{"@type":"Organization","@id":"https:\/\/padelverdict.com\/es\/#organization","name":"padelverdict.com","url":"https:\/\/padelverdict.com\/es\/","logo":{"@type":"ImageObject","inLanguage":"es","@id":"https:\/\/padelverdict.com\/es\/#\/schema\/logo\/image\/","url":"https:\/\/padelverdict.com\/wp-content\/uploads\/2026\/02\/cropped-cropped-cropped-cropped-PadelVerdict-4-1-1-e1772975229371.png","contentUrl":"https:\/\/padelverdict.com\/wp-content\/uploads\/2026\/02\/cropped-cropped-cropped-cropped-PadelVerdict-4-1-1-e1772975229371.png","width":350,"height":120,"caption":"padelverdict.com"},"image":{"@id":"https:\/\/padelverdict.com\/es\/#\/schema\/logo\/image\/"}}]}},"_links":{"self":[{"href":"https:\/\/padelverdict.com\/es\/wp-json\/wp\/v2\/pages\/2629","targetHints":{"allow":["GET"]}}],"collection":[{"href":"https:\/\/padelverdict.com\/es\/wp-json\/wp\/v2\/pages"}],"about":[{"href":"https:\/\/padelverdict.com\/es\/wp-json\/wp\/v2\/types\/page"}],"author":[{"embeddable":true,"href":"https:\/\/padelverdict.com\/es\/wp-json\/wp\/v2\/users\/1"}],"replies":[{"embeddable":true,"href":"https:\/\/padelverdict.com\/es\/wp-json\/wp\/v2\/comments?post=2629"}],"version-history":[{"count":1,"href":"https:\/\/padelverdict.com\/es\/wp-json\/wp\/v2\/pages\/2629\/revisions"}],"predecessor-version":[{"id":2630,"href":"https:\/\/padelverdict.com\/es\/wp-json\/wp\/v2\/pages\/2629\/revisions\/2630"}],"wp:attachment":[{"href":"https:\/\/padelverdict.com\/es\/wp-json\/wp\/v2\/media?parent=2629"}],"curies":[{"name":"wp","href":"https:\/\/api.w.org\/{rel}","templated":true}]}}