{"id":2150,"date":"2026-04-12T23:01:46","date_gmt":"2026-04-12T23:01:46","guid":{"rendered":"https:\/\/padelverdict.com\/?page_id=2150"},"modified":"2026-04-17T21:05:12","modified_gmt":"2026-04-17T21:05:12","slug":"como-elegir-una-pala-de-padel","status":"publish","type":"page","link":"https:\/\/padelverdict.com\/es\/guias\/como-elegir-una-pala-de-padel\/","title":{"rendered":"C\u00f3mo Elegir una Pala de P\u00e1del en PadelVerdict"},"content":{"rendered":"","protected":false},"excerpt":{"rendered":"","protected":false},"author":1,"featured_media":0,"parent":2129,"menu_order":0,"comment_status":"closed","ping_status":"closed","template":"page-es-como-elegir-una-pala-de-padel.php","meta":{"_acf_changed":false,"footnotes":""},"class_list":["post-2150","page","type-page","status-publish"],"acf":[],"yoast_head":"<!-- This site is optimized with the Yoast SEO plugin v27.4 - https:\/\/yoast.com\/product\/yoast-seo-wordpress\/ -->\n<title>C\u00f3mo Elegir una Pala de P\u00e1del en PadelVerdict - padelverdict.com<\/title>\n<meta name=\"description\" content=\"PadelVerdict eval\u00faa cada pala en ocho par\u00e1metros y genera tres perfiles \u2014 Atacante, Defensor e H\u00edbrido. Aprende a leer las puntuaciones y encuentra la pala que se adapta a tu juego.\" \/>\n<meta name=\"robots\" content=\"index, follow, max-snippet:-1, max-image-preview:large, max-video-preview:-1\" \/>\n<link rel=\"canonical\" href=\"https:\/\/padelverdict.com\/es\/guias\/como-elegir-una-pala-de-padel\/\" \/>\n<meta property=\"og:locale\" content=\"es_ES\" \/>\n<meta property=\"og:type\" content=\"article\" \/>\n<meta property=\"og:title\" content=\"C\u00f3mo Elegir una Pala de P\u00e1del en PadelVerdict - padelverdict.com\" \/>\n<meta property=\"og:description\" content=\"PadelVerdict eval\u00faa cada pala en ocho par\u00e1metros y genera tres perfiles \u2014 Atacante, Defensor e H\u00edbrido. Aprende a leer las puntuaciones y encuentra la pala que se adapta a tu juego.\" \/>\n<meta property=\"og:url\" content=\"https:\/\/padelverdict.com\/es\/guias\/como-elegir-una-pala-de-padel\/\" \/>\n<meta property=\"og:site_name\" content=\"padelverdict.com\" \/>\n<meta property=\"article:modified_time\" content=\"2026-04-17T21:05:12+00:00\" \/>\n<meta name=\"twitter:card\" content=\"summary_large_image\" \/>\n<script type=\"application\/ld+json\" class=\"yoast-schema-graph\">{\"@context\":\"https:\\\/\\\/schema.org\",\"@graph\":[{\"@type\":\"WebPage\",\"@id\":\"https:\\\/\\\/padelverdict.com\\\/es\\\/guias\\\/como-elegir-una-pala-de-padel\\\/\",\"url\":\"https:\\\/\\\/padelverdict.com\\\/es\\\/guias\\\/como-elegir-una-pala-de-padel\\\/\",\"name\":\"C\u00f3mo Elegir una Pala de P\u00e1del en PadelVerdict - padelverdict.com\",\"isPartOf\":{\"@id\":\"https:\\\/\\\/padelverdict.com\\\/es\\\/#website\"},\"datePublished\":\"2026-04-12T23:01:46+00:00\",\"dateModified\":\"2026-04-17T21:05:12+00:00\",\"description\":\"PadelVerdict eval\u00faa cada pala en ocho par\u00e1metros y genera tres perfiles \u2014 Atacante, Defensor e H\u00edbrido. Aprende a leer las puntuaciones y encuentra la pala que se adapta a tu juego.\",\"breadcrumb\":{\"@id\":\"https:\\\/\\\/padelverdict.com\\\/es\\\/guias\\\/como-elegir-una-pala-de-padel\\\/#breadcrumb\"},\"inLanguage\":\"es\",\"potentialAction\":[{\"@type\":\"ReadAction\",\"target\":[\"https:\\\/\\\/padelverdict.com\\\/es\\\/guias\\\/como-elegir-una-pala-de-padel\\\/\"]}]},{\"@type\":\"BreadcrumbList\",\"@id\":\"https:\\\/\\\/padelverdict.com\\\/es\\\/guias\\\/como-elegir-una-pala-de-padel\\\/#breadcrumb\",\"itemListElement\":[{\"@type\":\"ListItem\",\"position\":1,\"name\":\"Home\",\"item\":\"https:\\\/\\\/padelverdict.com\\\/es\\\/\"},{\"@type\":\"ListItem\",\"position\":2,\"name\":\"Gu\u00edas de P\u00e1del\",\"item\":\"https:\\\/\\\/padelverdict.com\\\/es\\\/guias\\\/\"},{\"@type\":\"ListItem\",\"position\":3,\"name\":\"C\u00f3mo Elegir una Pala de P\u00e1del en PadelVerdict\"}]},{\"@type\":\"WebSite\",\"@id\":\"https:\\\/\\\/padelverdict.com\\\/es\\\/#website\",\"url\":\"https:\\\/\\\/padelverdict.com\\\/es\\\/\",\"name\":\"padelverdict.com\",\"description\":\"\",\"publisher\":{\"@id\":\"https:\\\/\\\/padelverdict.com\\\/es\\\/#organization\"},\"potentialAction\":[{\"@type\":\"SearchAction\",\"target\":{\"@type\":\"EntryPoint\",\"urlTemplate\":\"https:\\\/\\\/padelverdict.com\\\/es\\\/?s={search_term_string}\"},\"query-input\":{\"@type\":\"PropertyValueSpecification\",\"valueRequired\":true,\"valueName\":\"search_term_string\"}}],\"inLanguage\":\"es\"},{\"@type\":\"Organization\",\"@id\":\"https:\\\/\\\/padelverdict.com\\\/es\\\/#organization\",\"name\":\"padelverdict.com\",\"url\":\"https:\\\/\\\/padelverdict.com\\\/es\\\/\",\"logo\":{\"@type\":\"ImageObject\",\"inLanguage\":\"es\",\"@id\":\"https:\\\/\\\/padelverdict.com\\\/es\\\/#\\\/schema\\\/logo\\\/image\\\/\",\"url\":\"https:\\\/\\\/padelverdict.com\\\/wp-content\\\/uploads\\\/2026\\\/02\\\/cropped-cropped-cropped-cropped-PadelVerdict-4-1-1-e1772975229371.png\",\"contentUrl\":\"https:\\\/\\\/padelverdict.com\\\/wp-content\\\/uploads\\\/2026\\\/02\\\/cropped-cropped-cropped-cropped-PadelVerdict-4-1-1-e1772975229371.png\",\"width\":350,\"height\":120,\"caption\":\"padelverdict.com\"},\"image\":{\"@id\":\"https:\\\/\\\/padelverdict.com\\\/es\\\/#\\\/schema\\\/logo\\\/image\\\/\"}}]}<\/script>\n<!-- \/ Yoast SEO plugin. -->","yoast_head_json":{"title":"C\u00f3mo Elegir una Pala de P\u00e1del en PadelVerdict - padelverdict.com","description":"PadelVerdict eval\u00faa cada pala en ocho par\u00e1metros y genera tres perfiles \u2014 Atacante, Defensor e H\u00edbrido. Aprende a leer las puntuaciones y encuentra la pala que se adapta a tu juego.","robots":{"index":"index","follow":"follow","max-snippet":"max-snippet:-1","max-image-preview":"max-image-preview:large","max-video-preview":"max-video-preview:-1"},"canonical":"https:\/\/padelverdict.com\/es\/guias\/como-elegir-una-pala-de-padel\/","og_locale":"es_ES","og_type":"article","og_title":"C\u00f3mo Elegir una Pala de P\u00e1del en PadelVerdict - padelverdict.com","og_description":"PadelVerdict eval\u00faa cada pala en ocho par\u00e1metros y genera tres perfiles \u2014 Atacante, Defensor e H\u00edbrido. Aprende a leer las puntuaciones y encuentra la pala que se adapta a tu juego.","og_url":"https:\/\/padelverdict.com\/es\/guias\/como-elegir-una-pala-de-padel\/","og_site_name":"padelverdict.com","article_modified_time":"2026-04-17T21:05:12+00:00","twitter_card":"summary_large_image","schema":{"@context":"https:\/\/schema.org","@graph":[{"@type":"WebPage","@id":"https:\/\/padelverdict.com\/es\/guias\/como-elegir-una-pala-de-padel\/","url":"https:\/\/padelverdict.com\/es\/guias\/como-elegir-una-pala-de-padel\/","name":"C\u00f3mo Elegir una Pala de P\u00e1del en PadelVerdict - padelverdict.com","isPartOf":{"@id":"https:\/\/padelverdict.com\/es\/#website"},"datePublished":"2026-04-12T23:01:46+00:00","dateModified":"2026-04-17T21:05:12+00:00","description":"PadelVerdict eval\u00faa cada pala en ocho par\u00e1metros y genera tres perfiles \u2014 Atacante, Defensor e H\u00edbrido. Aprende a leer las puntuaciones y encuentra la pala que se adapta a tu juego.","breadcrumb":{"@id":"https:\/\/padelverdict.com\/es\/guias\/como-elegir-una-pala-de-padel\/#breadcrumb"},"inLanguage":"es","potentialAction":[{"@type":"ReadAction","target":["https:\/\/padelverdict.com\/es\/guias\/como-elegir-una-pala-de-padel\/"]}]},{"@type":"BreadcrumbList","@id":"https:\/\/padelverdict.com\/es\/guias\/como-elegir-una-pala-de-padel\/#breadcrumb","itemListElement":[{"@type":"ListItem","position":1,"name":"Home","item":"https:\/\/padelverdict.com\/es\/"},{"@type":"ListItem","position":2,"name":"Gu\u00edas de P\u00e1del","item":"https:\/\/padelverdict.com\/es\/guias\/"},{"@type":"ListItem","position":3,"name":"C\u00f3mo Elegir una Pala de P\u00e1del en PadelVerdict"}]},{"@type":"WebSite","@id":"https:\/\/padelverdict.com\/es\/#website","url":"https:\/\/padelverdict.com\/es\/","name":"padelverdict.com","description":"","publisher":{"@id":"https:\/\/padelverdict.com\/es\/#organization"},"potentialAction":[{"@type":"SearchAction","target":{"@type":"EntryPoint","urlTemplate":"https:\/\/padelverdict.com\/es\/?s={search_term_string}"},"query-input":{"@type":"PropertyValueSpecification","valueRequired":true,"valueName":"search_term_string"}}],"inLanguage":"es"},{"@type":"Organization","@id":"https:\/\/padelverdict.com\/es\/#organization","name":"padelverdict.com","url":"https:\/\/padelverdict.com\/es\/","logo":{"@type":"ImageObject","inLanguage":"es","@id":"https:\/\/padelverdict.com\/es\/#\/schema\/logo\/image\/","url":"https:\/\/padelverdict.com\/wp-content\/uploads\/2026\/02\/cropped-cropped-cropped-cropped-PadelVerdict-4-1-1-e1772975229371.png","contentUrl":"https:\/\/padelverdict.com\/wp-content\/uploads\/2026\/02\/cropped-cropped-cropped-cropped-PadelVerdict-4-1-1-e1772975229371.png","width":350,"height":120,"caption":"padelverdict.com"},"image":{"@id":"https:\/\/padelverdict.com\/es\/#\/schema\/logo\/image\/"}}]}},"_links":{"self":[{"href":"https:\/\/padelverdict.com\/es\/wp-json\/wp\/v2\/pages\/2150","targetHints":{"allow":["GET"]}}],"collection":[{"href":"https:\/\/padelverdict.com\/es\/wp-json\/wp\/v2\/pages"}],"about":[{"href":"https:\/\/padelverdict.com\/es\/wp-json\/wp\/v2\/types\/page"}],"author":[{"embeddable":true,"href":"https:\/\/padelverdict.com\/es\/wp-json\/wp\/v2\/users\/1"}],"replies":[{"embeddable":true,"href":"https:\/\/padelverdict.com\/es\/wp-json\/wp\/v2\/comments?post=2150"}],"version-history":[{"count":1,"href":"https:\/\/padelverdict.com\/es\/wp-json\/wp\/v2\/pages\/2150\/revisions"}],"predecessor-version":[{"id":2151,"href":"https:\/\/padelverdict.com\/es\/wp-json\/wp\/v2\/pages\/2150\/revisions\/2151"}],"up":[{"embeddable":true,"href":"https:\/\/padelverdict.com\/es\/wp-json\/wp\/v2\/pages\/2129"}],"wp:attachment":[{"href":"https:\/\/padelverdict.com\/es\/wp-json\/wp\/v2\/media?parent=2150"}],"curies":[{"name":"wp","href":"https:\/\/api.w.org\/{rel}","templated":true}]}}